{"id":244,"date":"2024-06-26T12:53:19","date_gmt":"2024-06-26T12:53:19","guid":{"rendered":"https:\/\/biodrugpharma.com\/?page_id=244"},"modified":"2024-07-02T13:27:19","modified_gmt":"2024-07-02T13:27:19","slug":"bayilik-formu","status":"publish","type":"page","link":"https:\/\/biodrugpharma.com\/?page_id=244","title":{"rendered":"Bayilik Formu"},"content":{"rendered":"\t\t<div data-elementor-type=\"wp-page\" data-elementor-id=\"244\" class=\"elementor elementor-244\">\n\t\t\t\t<div class=\"elementor-element elementor-element-05bff20 e-flex e-con-boxed e-con e-parent\" data-id=\"05bff20\" data-element_type=\"container\">\n\t\t\t\t\t<div class=\"e-con-inner\">\n\t\t\t\t<div class=\"elementor-element elementor-element-6ca1567 elementor-invisible elementor-widget elementor-widget-heading\" data-id=\"6ca1567\" data-element_type=\"widget\" data-settings=\"{&quot;_animation&quot;:&quot;fadeInUp&quot;}\" data-widget_type=\"heading.default\">\n\t\t\t\t<div class=\"elementor-widget-container\">\n\t\t\t<h2 class=\"elementor-heading-title elementor-size-default\">bayilik formu<\/h2>\t\t<\/div>\n\t\t\t\t<\/div>\n\t\t\t\t\t<\/div>\n\t\t\t\t<\/div>\n\t\t<div class=\"elementor-element elementor-element-bc9b8d7 e-flex e-con-boxed e-con e-parent\" data-id=\"bc9b8d7\" data-element_type=\"container\">\n\t\t\t\t\t<div class=\"e-con-inner\">\n\t\t\t\t\t<\/div>\n\t\t\t\t<\/div>\n\t\t\t\t<\/div>\n\t\t","protected":false},"excerpt":{"rendered":"<p>bayilik formu Firma Ad\u0131: Yetkili Ad\u0131 ve Soyad\u0131: \u0130leti\u015fim Bilgileri \u0130\u015fyeri Adresi (tercihe ba\u011fl\u0131)<\/p>\n","protected":false},"author":1,"featured_media":0,"parent":0,"menu_order":0,"comment_status":"closed","ping_status":"closed","template":"elementor_header_footer","meta":{"footnotes":""},"class_list":["post-244","page","type-page","status-publish","hentry"],"_links":{"self":[{"href":"https:\/\/biodrugpharma.com\/index.php?rest_route=\/wp\/v2\/pages\/244","targetHints":{"allow":["GET"]}}],"collection":[{"href":"https:\/\/biodrugpharma.com\/index.php?rest_route=\/wp\/v2\/pages"}],"about":[{"href":"https:\/\/biodrugpharma.com\/index.php?rest_route=\/wp\/v2\/types\/page"}],"author":[{"embeddable":true,"href":"https:\/\/biodrugpharma.com\/index.php?rest_route=\/wp\/v2\/users\/1"}],"replies":[{"embeddable":true,"href":"https:\/\/biodrugpharma.com\/index.php?rest_route=%2Fwp%2Fv2%2Fcomments&post=244"}],"version-history":[{"count":7,"href":"https:\/\/biodrugpharma.com\/index.php?rest_route=\/wp\/v2\/pages\/244\/revisions"}],"predecessor-version":[{"id":371,"href":"https:\/\/biodrugpharma.com\/index.php?rest_route=\/wp\/v2\/pages\/244\/revisions\/371"}],"wp:attachment":[{"href":"https:\/\/biodrugpharma.com\/index.php?rest_route=%2Fwp%2Fv2%2Fmedia&parent=244"}],"curies":[{"name":"wp","href":"https:\/\/api.w.org\/{rel}","templated":true}]}}