{"id":217,"date":"2024-06-26T12:21:24","date_gmt":"2024-06-26T12:21:24","guid":{"rendered":"https:\/\/biodrugpharma.com\/?page_id=217"},"modified":"2024-09-10T19:55:43","modified_gmt":"2024-09-10T19:55:43","slug":"is-ortaklari","status":"publish","type":"page","link":"https:\/\/biodrugpharma.com\/?page_id=217","title":{"rendered":"\u0130\u015f Ortaklar\u0131"},"content":{"rendered":"\t\t<div data-elementor-type=\"wp-page\" data-elementor-id=\"217\" class=\"elementor elementor-217\">\n\t\t\t\t<div class=\"elementor-element elementor-element-05bff20 e-flex e-con-boxed e-con e-parent\" data-id=\"05bff20\" data-element_type=\"container\">\n\t\t\t\t\t<div class=\"e-con-inner\">\n\t\t\t\t<div class=\"elementor-element elementor-element-6ca1567 elementor-invisible elementor-widget elementor-widget-heading\" data-id=\"6ca1567\" data-element_type=\"widget\" data-settings=\"{&quot;_animation&quot;:&quot;fadeInUp&quot;}\" data-widget_type=\"heading.default\">\n\t\t\t\t<div class=\"elementor-widget-container\">\n\t\t\t<h2 class=\"elementor-heading-title elementor-size-default\">\u0130\u015e ORTAKLARI<\/h2>\t\t<\/div>\n\t\t\t\t<\/div>\n\t\t\t\t\t<\/div>\n\t\t\t\t<\/div>\n\t\t<div class=\"elementor-element elementor-element-21e31b8 e-grid e-con-boxed e-con e-parent\" data-id=\"21e31b8\" data-element_type=\"container\">\n\t\t\t\t\t<div class=\"e-con-inner\">\n\t\t\t\t<div class=\"elementor-element elementor-element-d262ebe elementor-widget elementor-widget-image\" data-id=\"d262ebe\" data-element_type=\"widget\" data-widget_type=\"image.default\">\n\t\t\t\t<div class=\"elementor-widget-container\">\n\t\t\t\t\t\t\t\t\t\t\t\t\t<img fetchpriority=\"high\" decoding=\"async\" width=\"1024\" height=\"541\" src=\"https:\/\/biodrugpharma.com\/wp-content\/uploads\/2024\/07\/logo-1024x541.png\" class=\"attachment-large size-large wp-image-390\" alt=\"\" srcset=\"https:\/\/biodrugpharma.com\/wp-content\/uploads\/2024\/07\/logo-1024x541.png 1024w, https:\/\/biodrugpharma.com\/wp-content\/uploads\/2024\/07\/logo-300x158.png 300w, https:\/\/biodrugpharma.com\/wp-content\/uploads\/2024\/07\/logo-768x406.png 768w, https:\/\/biodrugpharma.com\/wp-content\/uploads\/2024\/07\/logo-1536x811.png 1536w, https:\/\/biodrugpharma.com\/wp-content\/uploads\/2024\/07\/logo.png 1600w\" sizes=\"(max-width: 1024px) 100vw, 1024px\" \/>\t\t\t\t\t\t\t\t\t\t\t\t\t<\/div>\n\t\t\t\t<\/div>\n\t\t\t\t<div class=\"elementor-element elementor-element-6ae7b25 elementor-widget elementor-widget-image\" data-id=\"6ae7b25\" data-element_type=\"widget\" data-widget_type=\"image.default\">\n\t\t\t\t<div class=\"elementor-widget-container\">\n\t\t\t\t\t\t\t\t\t\t\t\t\t<img decoding=\"async\" width=\"1024\" height=\"731\" src=\"https:\/\/biodrugpharma.com\/wp-content\/uploads\/2024\/09\/meddigo-png-1024x731.png\" class=\"attachment-large size-large wp-image-403\" alt=\"\" srcset=\"https:\/\/biodrugpharma.com\/wp-content\/uploads\/2024\/09\/meddigo-png-1024x731.png 1024w, https:\/\/biodrugpharma.com\/wp-content\/uploads\/2024\/09\/meddigo-png-300x214.png 300w, https:\/\/biodrugpharma.com\/wp-content\/uploads\/2024\/09\/meddigo-png-768x549.png 768w, https:\/\/biodrugpharma.com\/wp-content\/uploads\/2024\/09\/meddigo-png-1536x1097.png 1536w, https:\/\/biodrugpharma.com\/wp-content\/uploads\/2024\/09\/meddigo-png-2048x1463.png 2048w\" sizes=\"(max-width: 1024px) 100vw, 1024px\" \/>\t\t\t\t\t\t\t\t\t\t\t\t\t<\/div>\n\t\t\t\t<\/div>\n\t\t\t\t\t<\/div>\n\t\t\t\t<\/div>\n\t\t\t\t<\/div>\n\t\t","protected":false},"excerpt":{"rendered":"<p>\u0130\u015e ORTAKLARI<\/p>\n","protected":false},"author":1,"featured_media":0,"parent":0,"menu_order":0,"comment_status":"closed","ping_status":"closed","template":"elementor_header_footer","meta":{"footnotes":""},"class_list":["post-217","page","type-page","status-publish","hentry"],"_links":{"self":[{"href":"https:\/\/biodrugpharma.com\/index.php?rest_route=\/wp\/v2\/pages\/217","targetHints":{"allow":["GET"]}}],"collection":[{"href":"https:\/\/biodrugpharma.com\/index.php?rest_route=\/wp\/v2\/pages"}],"about":[{"href":"https:\/\/biodrugpharma.com\/index.php?rest_route=\/wp\/v2\/types\/page"}],"author":[{"embeddable":true,"href":"https:\/\/biodrugpharma.com\/index.php?rest_route=\/wp\/v2\/users\/1"}],"replies":[{"embeddable":true,"href":"https:\/\/biodrugpharma.com\/index.php?rest_route=%2Fwp%2Fv2%2Fcomments&post=217"}],"version-history":[{"count":13,"href":"https:\/\/biodrugpharma.com\/index.php?rest_route=\/wp\/v2\/pages\/217\/revisions"}],"predecessor-version":[{"id":406,"href":"https:\/\/biodrugpharma.com\/index.php?rest_route=\/wp\/v2\/pages\/217\/revisions\/406"}],"wp:attachment":[{"href":"https:\/\/biodrugpharma.com\/index.php?rest_route=%2Fwp%2Fv2%2Fmedia&parent=217"}],"curies":[{"name":"wp","href":"https:\/\/api.w.org\/{rel}","templated":true}]}}