{"id":208,"date":"2024-06-26T12:14:18","date_gmt":"2024-06-26T12:14:18","guid":{"rendered":"https:\/\/biodrugpharma.com\/?page_id=208"},"modified":"2024-09-07T19:08:44","modified_gmt":"2024-09-07T19:08:44","slug":"tribulus-max-marka-takviye-edici-gida","status":"publish","type":"page","link":"https:\/\/biodrugpharma.com\/?page_id=208","title":{"rendered":"Tribulus Max marka Takviye Edici G\u0131da"},"content":{"rendered":"\t\t<div data-elementor-type=\"wp-page\" data-elementor-id=\"208\" class=\"elementor elementor-208\">\n\t\t\t\t<div class=\"elementor-element elementor-element-05bff20 e-flex e-con-boxed e-con e-parent\" data-id=\"05bff20\" data-element_type=\"container\">\n\t\t\t\t\t<div class=\"e-con-inner\">\n\t\t\t\t<div class=\"elementor-element elementor-element-6ca1567 elementor-invisible elementor-widget elementor-widget-heading\" data-id=\"6ca1567\" data-element_type=\"widget\" data-settings=\"{&quot;_animation&quot;:&quot;fadeInUp&quot;}\" data-widget_type=\"heading.default\">\n\t\t\t\t<div class=\"elementor-widget-container\">\n\t\t\t<h2 class=\"elementor-heading-title elementor-size-default\">Tribulus Max marka Takviye Edici G\u0131da<\/h2>\t\t<\/div>\n\t\t\t\t<\/div>\n\t\t\t\t\t<\/div>\n\t\t\t\t<\/div>\n\t\t<div class=\"elementor-element elementor-element-807595f e-flex e-con-boxed e-con e-parent\" data-id=\"807595f\" data-element_type=\"container\">\n\t\t\t\t\t<div class=\"e-con-inner\">\n\t\t<div class=\"elementor-element elementor-element-4f8f1ce e-con-full e-flex e-con e-child\" data-id=\"4f8f1ce\" data-element_type=\"container\">\n\t\t\t\t<div class=\"elementor-element elementor-element-24bead7 elementor-widget elementor-widget-image\" data-id=\"24bead7\" data-element_type=\"widget\" data-widget_type=\"image.default\">\n\t\t\t\t<div class=\"elementor-widget-container\">\n\t\t\t\t\t\t\t\t\t\t\t\t\t<img fetchpriority=\"high\" decoding=\"async\" width=\"768\" height=\"512\" src=\"https:\/\/biodrugpharma.com\/wp-content\/uploads\/2024\/06\/Takviye-edici-gida-768x512.jpeg\" class=\"attachment-medium_large size-medium_large wp-image-199\" alt=\"\" srcset=\"https:\/\/biodrugpharma.com\/wp-content\/uploads\/2024\/06\/Takviye-edici-gida-768x512.jpeg 768w, https:\/\/biodrugpharma.com\/wp-content\/uploads\/2024\/06\/Takviye-edici-gida-300x200.jpeg 300w, https:\/\/biodrugpharma.com\/wp-content\/uploads\/2024\/06\/Takviye-edici-gida-1024x682.jpeg 1024w, https:\/\/biodrugpharma.com\/wp-content\/uploads\/2024\/06\/Takviye-edici-gida-1536x1023.jpeg 1536w, https:\/\/biodrugpharma.com\/wp-content\/uploads\/2024\/06\/Takviye-edici-gida.jpeg 1600w\" sizes=\"(max-width: 768px) 100vw, 768px\" \/>\t\t\t\t\t\t\t\t\t\t\t\t\t<\/div>\n\t\t\t\t<\/div>\n\t\t\t\t<\/div>\n\t\t<div class=\"elementor-element elementor-element-301079f e-con-full e-flex e-con e-child\" data-id=\"301079f\" data-element_type=\"container\">\n\t\t\t\t<div class=\"elementor-element elementor-element-1b309f02 elementor-vertical-align-top elementor-widget elementor-widget-icon-box\" data-id=\"1b309f02\" data-element_type=\"widget\" data-widget_type=\"icon-box.default\">\n\t\t\t\t<div class=\"elementor-widget-container\">\n\t\t\t\t\t<div class=\"elementor-icon-box-wrapper\">\n\n\t\t\t\n\t\t\t\t\t\t<div class=\"elementor-icon-box-content\">\n\n\t\t\t\t\t\t\t\t\t<h4 class=\"elementor-icon-box-title\">\n\t\t\t\t\t\t<span  >\n\t\t\t\t\t\t\tTribulus Max Takviye Edici G\u0131da\t\t\t\t\t\t<\/span>\n\t\t\t\t\t<\/h4>\n\t\t\t\t\n\t\t\t\t\t\t\t\t\t<p class=\"elementor-icon-box-description\">\n\t\t\t\t\t\tTribulus Max, do\u011fal i\u00e7eriklerle form\u00fcle edilmi\u015f bir takviye edici g\u0131dad\u0131r. \u0130\u00e7eri\u011findeki *Tribulus Terrestris* bitkisi, hem kad\u0131nlar hem de erkekler i\u00e7in \u00e7e\u015fitli faydalar sunar.\n\nTribulus Max, sporcular ve genel sa\u011fl\u0131\u011f\u0131n\u0131 iyile\u015ftirmek isteyen herkes i\u00e7in uygundur. \u00dcr\u00fcn, bilimsel ara\u015ft\u0131rmalarla desteklenen do\u011fal bile\u015fenler i\u00e7erir ve g\u00fcvenli bir \u015fekilde kullan\u0131labilir.\n\nTribulus Max ile daha sa\u011fl\u0131kl\u0131 ve mutlu bir ya\u015fam s\u00fcrmek i\u00e7in ma\u011fazam\u0131zdan sat\u0131n alabilirsiniz.\t\t\t\t\t<\/p>\n\t\t\t\t\n\t\t\t<\/div>\n\t\t\t\n\t\t<\/div>\n\t\t\t\t<\/div>\n\t\t\t\t<\/div>\n\t\t\t\t<\/div>\n\t\t\t\t\t<\/div>\n\t\t\t\t<\/div>\n\t\t<div class=\"elementor-element elementor-element-c37114a e-flex e-con-boxed e-con e-parent\" data-id=\"c37114a\" data-element_type=\"container\">\n\t\t\t\t\t<div class=\"e-con-inner\">\n\t\t\t\t<div class=\"elementor-element elementor-element-8c2fd9b elementor-widget elementor-widget-text-editor\" data-id=\"8c2fd9b\" data-element_type=\"widget\" data-widget_type=\"text-editor.default\">\n\t\t\t\t<div class=\"elementor-widget-container\">\n\t\t\t\t\t\t\t<p><strong>Kad\u0131nlar \u0130\u00e7in Faydalar\u0131:<\/strong><br \/>&#8211; Yumurtlama ve adet d\u00f6ng\u00fcs\u00fcn\u00fc destekler.<br \/>&#8211; Hamile kalma \u015fans\u0131n\u0131 art\u0131rmaya yard\u0131mc\u0131 olur.<br \/>&#8211; Polikistik over sendromu (PKOS) gibi baz\u0131 kad\u0131n hastal\u0131klar\u0131n\u0131n semptomlar\u0131n\u0131 hafifletmeye yard\u0131mc\u0131 olabilir.<\/p><p><strong>Erkekler \u0130\u00e7in Faydalar\u0131:<\/strong><br \/>&#8211; Sperm \u00fcretimini ve hareketlili\u011fini destekler.<br \/>&#8211; Testosteron seviyelerini do\u011fal yollarla art\u0131rmaya yard\u0131mc\u0131 olur.<br \/>&#8211; Sertle\u015fme fonksiyonunu ve libidoyu desteklemeye yard\u0131mc\u0131 olur.<\/p><p><strong>Genel Faydalar\u0131:<\/strong><br \/>&#8211; Enerji ve dayan\u0131kl\u0131l\u0131\u011f\u0131 art\u0131r\u0131r.<br \/>&#8211; Kas geli\u015fimine yard\u0131mc\u0131 olur.<br \/>&#8211; Stresi azaltmaya yard\u0131mc\u0131 olabilir.<br \/>&#8211; Ba\u011f\u0131\u015f\u0131kl\u0131k sistemini desteklemeye yard\u0131mc\u0131 olur.<\/p>\t\t\t\t\t\t<\/div>\n\t\t\t\t<\/div>\n\t\t\t\t\t<\/div>\n\t\t\t\t<\/div>\n\t\t\t\t<\/div>\n\t\t","protected":false},"excerpt":{"rendered":"<p>Tribulus Max marka Takviye Edici G\u0131da Tribulus Max Takviye Edici G\u0131da Tribulus Max, do\u011fal i\u00e7eriklerle form\u00fcle edilmi\u015f bir takviye edici g\u0131dad\u0131r. \u0130\u00e7eri\u011findeki *Tribulus Terrestris* bitkisi, hem kad\u0131nlar hem de erkekler i\u00e7in \u00e7e\u015fitli faydalar sunar. Tribulus Max, sporcular ve genel sa\u011fl\u0131\u011f\u0131n\u0131 iyile\u015ftirmek isteyen herkes i\u00e7in uygundur. \u00dcr\u00fcn, bilimsel ara\u015ft\u0131rmalarla desteklenen do\u011fal bile\u015fenler i\u00e7erir ve g\u00fcvenli bir [&hellip;]<\/p>\n","protected":false},"author":1,"featured_media":0,"parent":0,"menu_order":0,"comment_status":"closed","ping_status":"closed","template":"elementor_header_footer","meta":{"footnotes":""},"class_list":["post-208","page","type-page","status-publish","hentry"],"_links":{"self":[{"href":"https:\/\/biodrugpharma.com\/index.php?rest_route=\/wp\/v2\/pages\/208","targetHints":{"allow":["GET"]}}],"collection":[{"href":"https:\/\/biodrugpharma.com\/index.php?rest_route=\/wp\/v2\/pages"}],"about":[{"href":"https:\/\/biodrugpharma.com\/index.php?rest_route=\/wp\/v2\/types\/page"}],"author":[{"embeddable":true,"href":"https:\/\/biodrugpharma.com\/index.php?rest_route=\/wp\/v2\/users\/1"}],"replies":[{"embeddable":true,"href":"https:\/\/biodrugpharma.com\/index.php?rest_route=%2Fwp%2Fv2%2Fcomments&post=208"}],"version-history":[{"count":7,"href":"https:\/\/biodrugpharma.com\/index.php?rest_route=\/wp\/v2\/pages\/208\/revisions"}],"predecessor-version":[{"id":399,"href":"https:\/\/biodrugpharma.com\/index.php?rest_route=\/wp\/v2\/pages\/208\/revisions\/399"}],"wp:attachment":[{"href":"https:\/\/biodrugpharma.com\/index.php?rest_route=%2Fwp%2Fv2%2Fmedia&parent=208"}],"curies":[{"name":"wp","href":"https:\/\/api.w.org\/{rel}","templated":true}]}}