{"id":180,"date":"2024-06-26T11:30:00","date_gmt":"2024-06-26T11:30:00","guid":{"rendered":"https:\/\/biodrugpharma.com\/?page_id=180"},"modified":"2024-07-01T16:03:56","modified_gmt":"2024-07-01T16:03:56","slug":"hizmetlerimiz","status":"publish","type":"page","link":"https:\/\/biodrugpharma.com\/?page_id=180","title":{"rendered":"Hizmetlerimiz"},"content":{"rendered":"\t\t<div data-elementor-type=\"wp-page\" data-elementor-id=\"180\" class=\"elementor elementor-180\">\n\t\t\t\t<div class=\"elementor-element elementor-element-05bff20 e-flex e-con-boxed e-con e-parent\" data-id=\"05bff20\" data-element_type=\"container\">\n\t\t\t\t\t<div class=\"e-con-inner\">\n\t\t\t\t<div class=\"elementor-element elementor-element-6ca1567 elementor-invisible elementor-widget elementor-widget-heading\" data-id=\"6ca1567\" data-element_type=\"widget\" data-settings=\"{&quot;_animation&quot;:&quot;fadeInUp&quot;}\" data-widget_type=\"heading.default\">\n\t\t\t\t<div class=\"elementor-widget-container\">\n\t\t\t<h2 class=\"elementor-heading-title elementor-size-default\">Hizmetlerimiz<\/h2>\t\t<\/div>\n\t\t\t\t<\/div>\n\t\t\t\t\t<\/div>\n\t\t\t\t<\/div>\n\t\t<div class=\"elementor-element elementor-element-0ae665c e-flex e-con-boxed e-con e-parent\" data-id=\"0ae665c\" data-element_type=\"container\">\n\t\t\t\t\t<div class=\"e-con-inner\">\n\t\t<div class=\"elementor-element elementor-element-09ae18a e-con-full e-flex e-con e-child\" data-id=\"09ae18a\" data-element_type=\"container\">\n\t\t\t\t<div class=\"elementor-element elementor-element-73f88e3 elementor-widget elementor-widget-image\" data-id=\"73f88e3\" data-element_type=\"widget\" data-widget_type=\"image.default\">\n\t\t\t\t<div class=\"elementor-widget-container\">\n\t\t\t\t\t\t\t\t\t\t\t\t\t<img fetchpriority=\"high\" decoding=\"async\" width=\"1024\" height=\"683\" src=\"https:\/\/biodrugpharma.com\/wp-content\/uploads\/2024\/06\/t1-1024x683.jpg\" class=\"attachment-large size-large wp-image-182\" alt=\"\" srcset=\"https:\/\/biodrugpharma.com\/wp-content\/uploads\/2024\/06\/t1-1024x683.jpg 1024w, https:\/\/biodrugpharma.com\/wp-content\/uploads\/2024\/06\/t1-300x200.jpg 300w, https:\/\/biodrugpharma.com\/wp-content\/uploads\/2024\/06\/t1-768x512.jpg 768w, https:\/\/biodrugpharma.com\/wp-content\/uploads\/2024\/06\/t1-1536x1024.jpg 1536w, https:\/\/biodrugpharma.com\/wp-content\/uploads\/2024\/06\/t1-2048x1365.jpg 2048w\" sizes=\"(max-width: 1024px) 100vw, 1024px\" \/>\t\t\t\t\t\t\t\t\t\t\t\t\t<\/div>\n\t\t\t\t<\/div>\n\t\t\t\t<div class=\"elementor-element elementor-element-1b309f02 elementor-vertical-align-top elementor-widget elementor-widget-icon-box\" data-id=\"1b309f02\" data-element_type=\"widget\" data-widget_type=\"icon-box.default\">\n\t\t\t\t<div class=\"elementor-widget-container\">\n\t\t\t\t\t<div class=\"elementor-icon-box-wrapper\">\n\n\t\t\t\n\t\t\t\t\t\t<div class=\"elementor-icon-box-content\">\n\n\t\t\t\t\t\t\t\t\t<h4 class=\"elementor-icon-box-title\">\n\t\t\t\t\t\t<span  >\n\t\t\t\t\t\t\tCilt Bak\u0131m \u00dcr\u00fcnleri\t\t\t\t\t\t<\/span>\n\t\t\t\t\t<\/h4>\n\t\t\t\t\n\t\t\t\t\t\t\t\t\t<p class=\"elementor-icon-box-description\">\n\t\t\t\t\t\tY\u00fcz, v\u00fccut ve sa\u00e7 bak\u0131m\u0131 i\u00e7in geni\u015f bir \u00fcr\u00fcn yelpazesi \u00fcretmekteyiz.\n\t\t\t\t\t<\/p>\n\t\t\t\t\n\t\t\t<\/div>\n\t\t\t\n\t\t<\/div>\n\t\t\t\t<\/div>\n\t\t\t\t<\/div>\n\t\t\t\t<\/div>\n\t\t<div class=\"elementor-element elementor-element-c101638 e-con-full e-flex e-con e-child\" data-id=\"c101638\" data-element_type=\"container\">\n\t\t\t\t<div class=\"elementor-element elementor-element-510055e elementor-widget elementor-widget-image\" data-id=\"510055e\" data-element_type=\"widget\" data-widget_type=\"image.default\">\n\t\t\t\t<div class=\"elementor-widget-container\">\n\t\t\t\t\t\t\t\t\t\t\t\t\t<img decoding=\"async\" width=\"1024\" height=\"745\" src=\"https:\/\/biodrugpharma.com\/wp-content\/uploads\/2024\/06\/pharmaceutical-packaging-3d-rendering-1024x745.jpg\" class=\"attachment-large size-large wp-image-319\" alt=\"\" srcset=\"https:\/\/biodrugpharma.com\/wp-content\/uploads\/2024\/06\/pharmaceutical-packaging-3d-rendering-1024x745.jpg 1024w, https:\/\/biodrugpharma.com\/wp-content\/uploads\/2024\/06\/pharmaceutical-packaging-3d-rendering-300x218.jpg 300w, https:\/\/biodrugpharma.com\/wp-content\/uploads\/2024\/06\/pharmaceutical-packaging-3d-rendering-768x559.jpg 768w, https:\/\/biodrugpharma.com\/wp-content\/uploads\/2024\/06\/pharmaceutical-packaging-3d-rendering-1536x1117.jpg 1536w, https:\/\/biodrugpharma.com\/wp-content\/uploads\/2024\/06\/pharmaceutical-packaging-3d-rendering-2048x1490.jpg 2048w\" sizes=\"(max-width: 1024px) 100vw, 1024px\" \/>\t\t\t\t\t\t\t\t\t\t\t\t\t<\/div>\n\t\t\t\t<\/div>\n\t\t\t\t<div class=\"elementor-element elementor-element-4e9b8b8a elementor-vertical-align-top elementor-widget elementor-widget-icon-box\" data-id=\"4e9b8b8a\" data-element_type=\"widget\" data-widget_type=\"icon-box.default\">\n\t\t\t\t<div class=\"elementor-widget-container\">\n\t\t\t\t\t<div class=\"elementor-icon-box-wrapper\">\n\n\t\t\t\n\t\t\t\t\t\t<div class=\"elementor-icon-box-content\">\n\n\t\t\t\t\t\t\t\t\t<h4 class=\"elementor-icon-box-title\">\n\t\t\t\t\t\t<span  >\n\t\t\t\t\t\t\t\u0130la\u00e7lar:\t\t\t\t\t\t<\/span>\n\t\t\t\t\t<\/h4>\n\t\t\t\t\n\t\t\t\t\t\t\t\t\t<p class=\"elementor-icon-box-description\">\n\t\t\t\t\t\tRe\u00e7eteli ve re\u00e7etesiz Be\u015feri  ila\u00e7lar \u00fcretmekteyiz.\t\t\t\t\t<\/p>\n\t\t\t\t\n\t\t\t<\/div>\n\t\t\t\n\t\t<\/div>\n\t\t\t\t<\/div>\n\t\t\t\t<\/div>\n\t\t\t\t<\/div>\n\t\t<div class=\"elementor-element elementor-element-811f239 e-con-full e-flex e-con e-child\" data-id=\"811f239\" data-element_type=\"container\">\n\t\t\t\t<div class=\"elementor-element elementor-element-1aedf6f elementor-widget elementor-widget-image\" data-id=\"1aedf6f\" data-element_type=\"widget\" data-widget_type=\"image.default\">\n\t\t\t\t<div class=\"elementor-widget-container\">\n\t\t\t\t\t\t\t\t\t\t\t\t\t<img decoding=\"async\" width=\"1024\" height=\"684\" src=\"https:\/\/biodrugpharma.com\/wp-content\/uploads\/2024\/07\/2222.jpg\" class=\"attachment-large size-large wp-image-347\" alt=\"\" srcset=\"https:\/\/biodrugpharma.com\/wp-content\/uploads\/2024\/07\/2222.jpg 1024w, https:\/\/biodrugpharma.com\/wp-content\/uploads\/2024\/07\/2222-300x200.jpg 300w, https:\/\/biodrugpharma.com\/wp-content\/uploads\/2024\/07\/2222-768x513.jpg 768w\" sizes=\"(max-width: 1024px) 100vw, 1024px\" \/>\t\t\t\t\t\t\t\t\t\t\t\t\t<\/div>\n\t\t\t\t<\/div>\n\t\t\t\t<div class=\"elementor-element elementor-element-2adcbc3 elementor-vertical-align-top elementor-widget elementor-widget-icon-box\" data-id=\"2adcbc3\" data-element_type=\"widget\" data-widget_type=\"icon-box.default\">\n\t\t\t\t<div class=\"elementor-widget-container\">\n\t\t\t\t\t<div class=\"elementor-icon-box-wrapper\">\n\n\t\t\t\n\t\t\t\t\t\t<div class=\"elementor-icon-box-content\">\n\n\t\t\t\t\t\t\t\t\t<h4 class=\"elementor-icon-box-title\">\n\t\t\t\t\t\t<span  >\n\t\t\t\t\t\t\tTakviye Edici G\u0131dalar: \t\t\t\t\t\t<\/span>\n\t\t\t\t\t<\/h4>\n\t\t\t\t\n\t\t\t\t\t\t\t\t\t<p class=\"elementor-icon-box-description\">\n\t\t\t\t\t\tVitaminler, mineraller ve bitkisel \u00fcr\u00fcnler i\u00e7eren takviye edici g\u0131dalar \u00fcretmekteyiz.\t\t\t\t\t<\/p>\n\t\t\t\t\n\t\t\t<\/div>\n\t\t\t\n\t\t<\/div>\n\t\t\t\t<\/div>\n\t\t\t\t<\/div>\n\t\t\t\t<\/div>\n\t\t\t\t\t<\/div>\n\t\t\t\t<\/div>\n\t\t\t\t<\/div>\n\t\t","protected":false},"excerpt":{"rendered":"<p>Hizmetlerimiz Cilt Bak\u0131m \u00dcr\u00fcnleri Y\u00fcz, v\u00fccut ve sa\u00e7 bak\u0131m\u0131 i\u00e7in geni\u015f bir \u00fcr\u00fcn yelpazesi \u00fcretmekteyiz. \u0130la\u00e7lar: Re\u00e7eteli ve re\u00e7etesiz Be\u015feri ila\u00e7lar \u00fcretmekteyiz. Takviye Edici G\u0131dalar: Vitaminler, mineraller ve bitkisel \u00fcr\u00fcnler i\u00e7eren takviye edici g\u0131dalar \u00fcretmekteyiz.<\/p>\n","protected":false},"author":1,"featured_media":0,"parent":0,"menu_order":0,"comment_status":"closed","ping_status":"closed","template":"elementor_header_footer","meta":{"footnotes":""},"class_list":["post-180","page","type-page","status-publish","hentry"],"_links":{"self":[{"href":"https:\/\/biodrugpharma.com\/index.php?rest_route=\/wp\/v2\/pages\/180","targetHints":{"allow":["GET"]}}],"collection":[{"href":"https:\/\/biodrugpharma.com\/index.php?rest_route=\/wp\/v2\/pages"}],"about":[{"href":"https:\/\/biodrugpharma.com\/index.php?rest_route=\/wp\/v2\/types\/page"}],"author":[{"embeddable":true,"href":"https:\/\/biodrugpharma.com\/index.php?rest_route=\/wp\/v2\/users\/1"}],"replies":[{"embeddable":true,"href":"https:\/\/biodrugpharma.com\/index.php?rest_route=%2Fwp%2Fv2%2Fcomments&post=180"}],"version-history":[{"count":16,"href":"https:\/\/biodrugpharma.com\/index.php?rest_route=\/wp\/v2\/pages\/180\/revisions"}],"predecessor-version":[{"id":350,"href":"https:\/\/biodrugpharma.com\/index.php?rest_route=\/wp\/v2\/pages\/180\/revisions\/350"}],"wp:attachment":[{"href":"https:\/\/biodrugpharma.com\/index.php?rest_route=%2Fwp%2Fv2%2Fmedia&parent=180"}],"curies":[{"name":"wp","href":"https:\/\/api.w.org\/{rel}","templated":true}]}}