{"id":160,"date":"2024-06-20T09:33:37","date_gmt":"2024-06-20T09:33:37","guid":{"rendered":"https:\/\/biodrugpharma.com\/?page_id=160"},"modified":"2024-06-27T11:18:55","modified_gmt":"2024-06-27T11:18:55","slug":"arge","status":"publish","type":"page","link":"https:\/\/biodrugpharma.com\/?page_id=160","title":{"rendered":"Arge"},"content":{"rendered":"\t\t<div data-elementor-type=\"wp-page\" data-elementor-id=\"160\" class=\"elementor elementor-160\">\n\t\t\t\t<div class=\"elementor-element elementor-element-6acf8ffd e-flex e-con-boxed e-con e-parent\" data-id=\"6acf8ffd\" data-element_type=\"container\">\n\t\t\t\t\t<div class=\"e-con-inner\">\n\t\t<div class=\"elementor-element elementor-element-389d4969 e-con-full e-flex e-con e-child\" data-id=\"389d4969\" data-element_type=\"container\">\n\t\t<div class=\"elementor-element elementor-element-6c323d21 e-con-full e-flex e-con e-child\" data-id=\"6c323d21\" data-element_type=\"container\">\n\t\t<div class=\"elementor-element elementor-element-4ced6b4a e-con-full e-flex e-con e-child\" data-id=\"4ced6b4a\" data-element_type=\"container\" data-settings=\"{&quot;background_background&quot;:&quot;classic&quot;}\">\n\t\t\t\t<\/div>\n\t\t<div class=\"elementor-element elementor-element-42e0b2bf e-con-full e-flex e-con e-child\" data-id=\"42e0b2bf\" data-element_type=\"container\">\n\t\t\t\t<div class=\"elementor-element elementor-element-15c03e71 elementor-invisible elementor-widget elementor-widget-heading\" data-id=\"15c03e71\" data-element_type=\"widget\" data-settings=\"{&quot;_animation&quot;:&quot;fadeInUp&quot;}\" data-widget_type=\"heading.default\">\n\t\t\t\t<div class=\"elementor-widget-container\">\n\t\t\t<h2 class=\"elementor-heading-title elementor-size-default\">Biodrugpharma Ar-Ge Faaliyetleri<\/h2>\t\t<\/div>\n\t\t\t\t<\/div>\n\t\t\t\t<div class=\"elementor-element elementor-element-231dc631 elementor-widget elementor-widget-text-editor\" data-id=\"231dc631\" data-element_type=\"widget\" data-widget_type=\"text-editor.default\">\n\t\t\t\t<div class=\"elementor-widget-container\">\n\t\t\t\t\t\t\t<p><strong>Biodrugpharma<\/strong>, Ar-Ge \u00e7al\u0131\u015fmalar\u0131na b\u00fcy\u00fck \u00f6nem veren ve bu alana \u00f6nemli yat\u0131r\u0131mlar yapan bir firmad\u0131r. \u015eirketimiz b\u00fcnyesinde bulunan deneyimli ve uzman bir Ar-Ge ekibi, yeni \u00fcr\u00fcnler ve teknolojiler geli\u015ftirmek i\u00e7in s\u00fcrekli olarak \u00e7al\u0131\u015fmaktad\u0131r.<\/p>\t\t\t\t\t\t<\/div>\n\t\t\t\t<\/div>\n\t\t\t\t<\/div>\n\t\t\t\t<\/div>\n\t\t\t\t<\/div>\n\t\t<div class=\"elementor-element elementor-element-6102e59b e-con-full e-flex e-con e-child\" data-id=\"6102e59b\" data-element_type=\"container\">\n\t\t<div class=\"elementor-element elementor-element-6062a47e e-con-full e-flex e-con e-child\" data-id=\"6062a47e\" data-element_type=\"container\">\n\t\t\t\t<div class=\"elementor-element elementor-element-0abdde0 elementor-invisible elementor-widget elementor-widget-heading\" data-id=\"0abdde0\" data-element_type=\"widget\" data-settings=\"{&quot;_animation&quot;:&quot;fadeInUp&quot;}\" data-widget_type=\"heading.default\">\n\t\t\t\t<div class=\"elementor-widget-container\">\n\t\t\t<h2 class=\"elementor-heading-title elementor-size-default\">Ar-Ge Sonu\u00e7lar\u0131:<\/h2>\t\t<\/div>\n\t\t\t\t<\/div>\n\t\t<div class=\"elementor-element elementor-element-65ef01c1 e-flex e-con-boxed e-con e-child\" data-id=\"65ef01c1\" data-element_type=\"container\">\n\t\t\t\t\t<div class=\"e-con-inner\">\n\t\t\t\t<div class=\"elementor-element elementor-element-fd14784 elementor-widget elementor-widget-text-editor\" data-id=\"fd14784\" data-element_type=\"widget\" data-widget_type=\"text-editor.default\">\n\t\t\t\t<div class=\"elementor-widget-container\">\n\t\t\t\t\t\t\t<p>\u00a0<\/p><ul><li>Biodrugpharma Ar-Ge \u00e7al\u0131\u015fmalar\u0131 sonucunda, bir\u00e7ok yeni \u00fcr\u00fcn ve teknoloji geli\u015ftirilmi\u015ftir. \u015eirketimiz, bu \u00fcr\u00fcnler ile kozmetik \u00fcr\u00fcnler, ve takviye edici g\u0131dalar alanlar\u0131nda \u00f6nemli bir yere sahip olmu\u015ftur.<\/li><li><strong>Biodrugpharma<\/strong>, Ar-Ge \u00e7al\u0131\u015fmalar\u0131na ve inovasyona b\u00fcy\u00fck \u00f6nem vererek, m\u00fc\u015fterilerine en iyi \u00fcr\u00fcnleri ve hizmetleri sunmay\u0131 ve sekt\u00f6rde lider bir firma olmay\u0131 hedeflemektedir.<\/li><\/ul>\t\t\t\t\t\t<\/div>\n\t\t\t\t<\/div>\n\t\t\t\t\t<\/div>\n\t\t\t\t<\/div>\n\t\t\t\t<\/div>\n\t\t<div class=\"elementor-element elementor-element-4f597859 e-con-full e-flex elementor-invisible e-con e-child\" data-id=\"4f597859\" data-element_type=\"container\" data-settings=\"{&quot;background_background&quot;:&quot;classic&quot;,&quot;animation&quot;:&quot;fadeInLeft&quot;,&quot;animation_delay&quot;:200}\">\n\t\t\t\t<div class=\"elementor-element elementor-element-5f18f78d elementor-widget elementor-widget-spacer\" data-id=\"5f18f78d\" data-element_type=\"widget\" data-widget_type=\"spacer.default\">\n\t\t\t\t<div class=\"elementor-widget-container\">\n\t\t\t\t\t<div class=\"elementor-spacer\">\n\t\t\t<div class=\"elementor-spacer-inner\"><\/div>\n\t\t<\/div>\n\t\t\t\t<\/div>\n\t\t\t\t<\/div>\n\t\t\t\t<\/div>\n\t\t\t\t<\/div>\n\t\t\t\t\t<\/div>\n\t\t\t\t<\/div>\n\t\t\t\t<\/div>\n\t\t","protected":false},"excerpt":{"rendered":"<p>Biodrugpharma Ar-Ge Faaliyetleri Biodrugpharma, Ar-Ge \u00e7al\u0131\u015fmalar\u0131na b\u00fcy\u00fck \u00f6nem veren ve bu alana \u00f6nemli yat\u0131r\u0131mlar yapan bir firmad\u0131r. \u015eirketimiz b\u00fcnyesinde bulunan deneyimli ve uzman bir Ar-Ge ekibi, yeni \u00fcr\u00fcnler ve teknolojiler geli\u015ftirmek i\u00e7in s\u00fcrekli olarak \u00e7al\u0131\u015fmaktad\u0131r. Ar-Ge Sonu\u00e7lar\u0131: \u00a0 Biodrugpharma Ar-Ge \u00e7al\u0131\u015fmalar\u0131 sonucunda, bir\u00e7ok yeni \u00fcr\u00fcn ve teknoloji geli\u015ftirilmi\u015ftir. \u015eirketimiz, bu \u00fcr\u00fcnler ile kozmetik \u00fcr\u00fcnler, ve [&hellip;]<\/p>\n","protected":false},"author":1,"featured_media":0,"parent":0,"menu_order":0,"comment_status":"closed","ping_status":"closed","template":"elementor_header_footer","meta":{"footnotes":""},"class_list":["post-160","page","type-page","status-publish","hentry"],"_links":{"self":[{"href":"https:\/\/biodrugpharma.com\/index.php?rest_route=\/wp\/v2\/pages\/160","targetHints":{"allow":["GET"]}}],"collection":[{"href":"https:\/\/biodrugpharma.com\/index.php?rest_route=\/wp\/v2\/pages"}],"about":[{"href":"https:\/\/biodrugpharma.com\/index.php?rest_route=\/wp\/v2\/types\/page"}],"author":[{"embeddable":true,"href":"https:\/\/biodrugpharma.com\/index.php?rest_route=\/wp\/v2\/users\/1"}],"replies":[{"embeddable":true,"href":"https:\/\/biodrugpharma.com\/index.php?rest_route=%2Fwp%2Fv2%2Fcomments&post=160"}],"version-history":[{"count":10,"href":"https:\/\/biodrugpharma.com\/index.php?rest_route=\/wp\/v2\/pages\/160\/revisions"}],"predecessor-version":[{"id":330,"href":"https:\/\/biodrugpharma.com\/index.php?rest_route=\/wp\/v2\/pages\/160\/revisions\/330"}],"wp:attachment":[{"href":"https:\/\/biodrugpharma.com\/index.php?rest_route=%2Fwp%2Fv2%2Fmedia&parent=160"}],"curies":[{"name":"wp","href":"https:\/\/api.w.org\/{rel}","templated":true}]}}